{"id":442,"date":"2023-09-28T00:13:45","date_gmt":"2023-09-27T22:13:45","guid":{"rendered":"https:\/\/carousel.rs\/?page_id=442"},"modified":"2025-10-06T08:04:33","modified_gmt":"2025-10-06T06:04:33","slug":"rentiranje-standova","status":"publish","type":"page","link":"https:\/\/carousel.rs\/?page_id=442","title":{"rendered":"Rentiranje \u0161tandova"},"content":{"rendered":"\t\t<div data-elementor-type=\"wp-page\" data-elementor-id=\"442\" class=\"elementor elementor-442\">\n\t\t\t\t\t\t<section class=\"elementor-section elementor-top-section elementor-element elementor-element-f33f5bd elementor-section-full_width elementor-section-height-min-height elementor-section-items-stretch elementor-section-content-middle elementor-section-height-default\" data-id=\"f33f5bd\" data-element_type=\"section\" data-e-type=\"section\" data-settings=\"{&quot;background_background&quot;:&quot;classic&quot;}\">\n\t\t\t\t\t\t\t<div class=\"elementor-background-overlay\"><\/div>\n\t\t\t\t\t\t\t<div class=\"elementor-container elementor-column-gap-default\">\n\t\t\t\t\t<div class=\"elementor-column elementor-col-100 elementor-top-column elementor-element elementor-element-f503110\" data-id=\"f503110\" data-element_type=\"column\" data-e-type=\"column\" data-settings=\"{&quot;background_background&quot;:&quot;classic&quot;}\">\n\t\t\t<div class=\"elementor-widget-wrap elementor-element-populated\">\n\t\t\t\t\t<div class=\"elementor-background-overlay\"><\/div>\n\t\t\t\t\t\t<section class=\"elementor-section elementor-inner-section elementor-element elementor-element-1ad2f33 elementor-section-boxed elementor-section-height-default elementor-section-height-default\" data-id=\"1ad2f33\" data-element_type=\"section\" data-e-type=\"section\">\n\t\t\t\t\t\t<div class=\"elementor-container elementor-column-gap-default\">\n\t\t\t\t\t<div class=\"elementor-column elementor-col-100 elementor-inner-column elementor-element elementor-element-a552c43\" data-id=\"a552c43\" data-element_type=\"column\" data-e-type=\"column\">\n\t\t\t<div class=\"elementor-widget-wrap elementor-element-populated\">\n\t\t\t\t\t\t<div class=\"elementor-element elementor-element-26b3f6c elementor-widget elementor-widget-heading\" data-id=\"26b3f6c\" data-element_type=\"widget\" data-e-type=\"widget\" data-widget_type=\"heading.default\">\n\t\t\t\t<div class=\"elementor-widget-container\">\n\t\t\t\t\t<h1 class=\"elementor-heading-title elementor-size-default\">Iznajmljivanje \u0161tandova i ku\u0107ica<\/h1>\t\t\t\t<\/div>\n\t\t\t\t<\/div>\n\t\t\t\t\t<\/div>\n\t\t<\/div>\n\t\t\t\t\t<\/div>\n\t\t<\/section>\n\t\t\t\t\t<\/div>\n\t\t<\/div>\n\t\t\t\t\t<\/div>\n\t\t<\/section>\n\t\t\t\t<section class=\"elementor-section elementor-top-section elementor-element elementor-element-4b0dec7 elementor-section-boxed elementor-section-height-default elementor-section-height-default\" data-id=\"4b0dec7\" data-element_type=\"section\" data-e-type=\"section\">\n\t\t\t\t\t\t<div class=\"elementor-container elementor-column-gap-default\">\n\t\t\t\t\t<div class=\"elementor-column elementor-col-100 elementor-top-column elementor-element elementor-element-24ee660\" data-id=\"24ee660\" data-element_type=\"column\" data-e-type=\"column\">\n\t\t\t<div class=\"elementor-widget-wrap elementor-element-populated\">\n\t\t\t\t\t\t<div class=\"elementor-element elementor-element-9d15076 elementor-widget__width-auto elementor-widget elementor-widget-button\" data-id=\"9d15076\" data-element_type=\"widget\" data-e-type=\"widget\" data-widget_type=\"button.default\">\n\t\t\t\t<div class=\"elementor-widget-container\">\n\t\t\t\t\t\t\t\t\t<div class=\"elementor-button-wrapper\">\n\t\t\t\t\t<a class=\"elementor-button elementor-button-link elementor-size-sm\" href=\"https:\/\/carousel.rs\/wp-content\/uploads\/2025\/10\/Carousel-mobiljar-opisi.pdf\">\n\t\t\t\t\t\t<span class=\"elementor-button-content-wrapper\">\n\t\t\t\t\t\t\t\t\t<span class=\"elementor-button-text\">preuzmi katalog<\/span>\n\t\t\t\t\t<\/span>\n\t\t\t\t\t<\/a>\n\t\t\t\t<\/div>\n\t\t\t\t\t\t\t\t<\/div>\n\t\t\t\t<\/div>\n\t\t\t\t\t<\/div>\n\t\t<\/div>\n\t\t\t\t\t<\/div>\n\t\t<\/section>\n\t\t\t\t<section class=\"elementor-section elementor-top-section elementor-element elementor-element-6efd9b7 elementor-section-boxed elementor-section-height-default elementor-section-height-default\" data-id=\"6efd9b7\" data-element_type=\"section\" data-e-type=\"section\">\n\t\t\t\t\t\t<div class=\"elementor-container elementor-column-gap-default\">\n\t\t\t\t\t<div class=\"elementor-column elementor-col-100 elementor-top-column elementor-element elementor-element-2490312\" data-id=\"2490312\" data-element_type=\"column\" data-e-type=\"column\">\n\t\t\t<div class=\"elementor-widget-wrap elementor-element-populated\">\n\t\t\t\t\t\t<div class=\"elementor-element elementor-element-352e82e elementor-widget elementor-widget-button\" data-id=\"352e82e\" data-element_type=\"widget\" data-e-type=\"widget\" data-widget_type=\"button.default\">\n\t\t\t\t<div class=\"elementor-widget-container\">\n\t\t\t\t\t\t\t\t\t<div class=\"elementor-button-wrapper\">\n\t\t\t\t\t<a class=\"elementor-button elementor-button-link elementor-size-sm\" href=\"https:\/\/carousel.rs\/wp-content\/uploads\/2025\/10\/Cenovnik_izdavanja_mobiljara_2025.pdf\">\n\t\t\t\t\t\t<span class=\"elementor-button-content-wrapper\">\n\t\t\t\t\t\t\t\t\t<span class=\"elementor-button-text\">preuzmi cenovnik<\/span>\n\t\t\t\t\t<\/span>\n\t\t\t\t\t<\/a>\n\t\t\t\t<\/div>\n\t\t\t\t\t\t\t\t<\/div>\n\t\t\t\t<\/div>\n\t\t\t\t\t<\/div>\n\t\t<\/div>\n\t\t\t\t\t<\/div>\n\t\t<\/section>\n\t\t\t\t<section class=\"elementor-section elementor-top-section elementor-element elementor-element-5616585 elementor-section-boxed elementor-section-height-default elementor-section-height-default\" data-id=\"5616585\" data-element_type=\"section\" data-e-type=\"section\">\n\t\t\t\t\t\t<div class=\"elementor-container elementor-column-gap-default\">\n\t\t\t\t\t<div class=\"elementor-column elementor-col-100 elementor-top-column elementor-element elementor-element-10222d7\" data-id=\"10222d7\" data-element_type=\"column\" data-e-type=\"column\">\n\t\t\t<div class=\"elementor-widget-wrap elementor-element-populated\">\n\t\t\t\t\t\t<section class=\"elementor-section elementor-inner-section elementor-element elementor-element-6d66e99 elementor-section-boxed elementor-section-height-default elementor-section-height-default\" data-id=\"6d66e99\" data-element_type=\"section\" data-e-type=\"section\">\n\t\t\t\t\t\t<div class=\"elementor-container elementor-column-gap-default\">\n\t\t\t\t\t<div class=\"elementor-column elementor-col-50 elementor-inner-column elementor-element elementor-element-9fb546e\" data-id=\"9fb546e\" data-element_type=\"column\" data-e-type=\"column\">\n\t\t\t<div class=\"elementor-widget-wrap elementor-element-populated\">\n\t\t\t\t\t\t<div class=\"elementor-element elementor-element-84173f6 elementor-widget elementor-widget-heading\" data-id=\"84173f6\" data-element_type=\"widget\" data-e-type=\"widget\" data-widget_type=\"heading.default\">\n\t\t\t\t<div class=\"elementor-widget-container\">\n\t\t\t\t\t<h2 class=\"elementor-heading-title elementor-size-default\">RENTIRANJE i proizvodnja festivalskog mobilijara<\/h2>\t\t\t\t<\/div>\n\t\t\t\t<\/div>\n\t\t\t\t<div class=\"elementor-element elementor-element-59d7d2d elementor-widget elementor-widget-image\" data-id=\"59d7d2d\" data-element_type=\"widget\" data-e-type=\"widget\" data-widget_type=\"image.default\">\n\t\t\t\t<div class=\"elementor-widget-container\">\n\t\t\t\t\t\t\t\t\t\t\t\t\t\t\t<img decoding=\"async\" width=\"218\" height=\"19\" src=\"https:\/\/carousel.rs\/wp-content\/uploads\/2023\/06\/underline-wiggle-pink.png\" class=\"attachment-large size-large wp-image-22\" alt=\"\" \/>\t\t\t\t\t\t\t\t\t\t\t\t\t\t\t<\/div>\n\t\t\t\t<\/div>\n\t\t\t\t<div class=\"elementor-element elementor-element-debaaae elementor-widget elementor-widget-text-editor\" data-id=\"debaaae\" data-element_type=\"widget\" data-e-type=\"widget\" data-widget_type=\"text-editor.default\">\n\t\t\t\t<div class=\"elementor-widget-container\">\n\t\t\t\t\t\t\t\t\t<p>Posedujemo sopstveni festivalski mobilijar:<\/p><p>1. <strong>TIP 1 \u0160TANDOVI<\/strong>\u00a0za izlaganje u unutra\u0161njem prostoru (1,5 x 0,7 m)<\/p>\t\t\t\t\t\t\t\t<\/div>\n\t\t\t\t<\/div>\n\t\t\t\t<div class=\"elementor-element elementor-element-fcf95b7 elementor-widget elementor-widget-text-editor\" data-id=\"fcf95b7\" data-element_type=\"widget\" data-e-type=\"widget\" data-widget_type=\"text-editor.default\">\n\t\t\t\t<div class=\"elementor-widget-container\">\n\t\t\t\t\t\t\t\t\t<p>Moderno dizajnirani na na\u010din da se elegantno uklapaju u unutra\u0161nje prostore tr\u017enih centara. Dimenzije su du\u017eine 1,5 m, \u0161irine 0,7m sa ramom koji omogu\u010dava dodatak osvetljenja.\u00a0Ove \u0161tandove koristimo za organizaciju doga\u0111aja u prostorima Tr\u017enih centara Raji\u0107eva (unutra\u0161nji deo), Delta City, U\u0161\u010de, Beo, Mercator, Ada Mall<\/p>\t\t\t\t\t\t\t\t<\/div>\n\t\t\t\t<\/div>\n\t\t\t\t<div class=\"elementor-element elementor-element-b70346d elementor-widget elementor-widget-text-editor\" data-id=\"b70346d\" data-element_type=\"widget\" data-e-type=\"widget\" data-widget_type=\"text-editor.default\">\n\t\t\t\t<div class=\"elementor-widget-container\">\n\t\t\t\t\t\t\t\t\t<p>Pored \u0161tandova posedujemo\u00a0 rasvetu (lampione), energetiku, ozvu\u010denje, binu te smo u mogu\u0107nosti i to da vam ponudimo u zakup.<\/p>\t\t\t\t\t\t\t\t<\/div>\n\t\t\t\t<\/div>\n\t\t\t\t\t<\/div>\n\t\t<\/div>\n\t\t\t\t<div class=\"elementor-column elementor-col-50 elementor-inner-column elementor-element elementor-element-67703a2\" data-id=\"67703a2\" data-element_type=\"column\" data-e-type=\"column\" data-settings=\"{&quot;background_background&quot;:&quot;classic&quot;}\">\n\t\t\t<div class=\"elementor-widget-wrap elementor-element-populated\">\n\t\t\t\t\t\t<div class=\"elementor-element elementor-element-7323571 elementor-widget__width-auto elementor-absolute elementor-widget elementor-widget-image\" data-id=\"7323571\" data-element_type=\"widget\" data-e-type=\"widget\" data-settings=\"{&quot;_position&quot;:&quot;absolute&quot;}\" data-widget_type=\"image.default\">\n\t\t\t\t<div class=\"elementor-widget-container\">\n\t\t\t\t\t\t\t\t\t\t\t\t\t\t\t<img decoding=\"async\" width=\"63\" height=\"63\" src=\"https:\/\/carousel.rs\/wp-content\/uploads\/2023\/06\/circle-purple-1.png\" class=\"attachment-large size-large wp-image-38\" alt=\"\" \/>\t\t\t\t\t\t\t\t\t\t\t\t\t\t\t<\/div>\n\t\t\t\t<\/div>\n\t\t\t\t<div class=\"elementor-element elementor-element-0099598 elementor-widget__width-auto elementor-absolute elementor-widget elementor-widget-image\" data-id=\"0099598\" data-element_type=\"widget\" data-e-type=\"widget\" data-settings=\"{&quot;_position&quot;:&quot;absolute&quot;}\" data-widget_type=\"image.default\">\n\t\t\t\t<div class=\"elementor-widget-container\">\n\t\t\t\t\t\t\t\t\t\t\t\t\t\t\t<img fetchpriority=\"high\" decoding=\"async\" width=\"484\" height=\"1024\" src=\"https:\/\/carousel.rs\/wp-content\/uploads\/2023\/06\/dots-left-top-484x1024.png\" class=\"attachment-large size-large wp-image-49\" alt=\"\" srcset=\"https:\/\/carousel.rs\/wp-content\/uploads\/2023\/06\/dots-left-top-484x1024.png 484w, https:\/\/carousel.rs\/wp-content\/uploads\/2023\/06\/dots-left-top-142x300.png 142w, https:\/\/carousel.rs\/wp-content\/uploads\/2023\/06\/dots-left-top.png 496w\" sizes=\"(max-width: 484px) 100vw, 484px\" \/>\t\t\t\t\t\t\t\t\t\t\t\t\t\t\t<\/div>\n\t\t\t\t<\/div>\n\t\t\t\t<div class=\"elementor-element elementor-element-01d7e86 elementor-widget elementor-widget-image\" data-id=\"01d7e86\" data-element_type=\"widget\" data-e-type=\"widget\" data-widget_type=\"image.default\">\n\t\t\t\t<div class=\"elementor-widget-container\">\n\t\t\t\t\t\t\t\t\t\t\t\t\t\t\t<img decoding=\"async\" src=\"https:\/\/carousel.rs\/wp-content\/uploads\/elementor\/thumbs\/TIP1-drveni-rcrtpb1i8twqd0dkqfm11igfxdtfco2i8z3n8z72wg.jpg\" title=\"TIP1 drveni\" alt=\"TIP1 drveni\" loading=\"lazy\" \/>\t\t\t\t\t\t\t\t\t\t\t\t\t\t\t<\/div>\n\t\t\t\t<\/div>\n\t\t\t\t<div class=\"elementor-element elementor-element-3dd47ed elementor-widget__width-auto elementor-absolute elementor-widget elementor-widget-image\" data-id=\"3dd47ed\" data-element_type=\"widget\" data-e-type=\"widget\" data-settings=\"{&quot;_position&quot;:&quot;absolute&quot;}\" data-widget_type=\"image.default\">\n\t\t\t\t<div class=\"elementor-widget-container\">\n\t\t\t\t\t\t\t\t\t\t\t\t\t\t\t<img loading=\"lazy\" decoding=\"async\" width=\"162\" height=\"61\" src=\"https:\/\/carousel.rs\/wp-content\/uploads\/2023\/06\/double-zigzag.png\" class=\"attachment-large size-large wp-image-63\" alt=\"\" \/>\t\t\t\t\t\t\t\t\t\t\t\t\t\t\t<\/div>\n\t\t\t\t<\/div>\n\t\t\t\t\t<\/div>\n\t\t<\/div>\n\t\t\t\t\t<\/div>\n\t\t<\/section>\n\t\t\t\t<section class=\"elementor-section elementor-inner-section elementor-element elementor-element-862e12f elementor-reverse-mobile elementor-section-boxed elementor-section-height-default elementor-section-height-default\" data-id=\"862e12f\" data-element_type=\"section\" data-e-type=\"section\">\n\t\t\t\t\t\t<div class=\"elementor-container elementor-column-gap-default\">\n\t\t\t\t\t<div class=\"elementor-column elementor-col-50 elementor-inner-column elementor-element elementor-element-d805748\" data-id=\"d805748\" data-element_type=\"column\" data-e-type=\"column\" data-settings=\"{&quot;background_background&quot;:&quot;classic&quot;}\">\n\t\t\t<div class=\"elementor-widget-wrap elementor-element-populated\">\n\t\t\t\t\t\t<div class=\"elementor-element elementor-element-462b0e3 elementor-widget__width-auto elementor-absolute elementor-widget elementor-widget-image\" data-id=\"462b0e3\" data-element_type=\"widget\" data-e-type=\"widget\" data-settings=\"{&quot;_position&quot;:&quot;absolute&quot;}\" data-widget_type=\"image.default\">\n\t\t\t\t<div class=\"elementor-widget-container\">\n\t\t\t\t\t\t\t\t\t\t\t\t\t\t\t<img decoding=\"async\" width=\"63\" height=\"63\" src=\"https:\/\/carousel.rs\/wp-content\/uploads\/2023\/06\/circle-purple-1.png\" class=\"attachment-large size-large wp-image-38\" alt=\"\" \/>\t\t\t\t\t\t\t\t\t\t\t\t\t\t\t<\/div>\n\t\t\t\t<\/div>\n\t\t\t\t<div class=\"elementor-element elementor-element-b4bdbaa elementor-widget__width-auto elementor-absolute elementor-widget elementor-widget-image\" data-id=\"b4bdbaa\" data-element_type=\"widget\" data-e-type=\"widget\" data-settings=\"{&quot;_position&quot;:&quot;absolute&quot;}\" data-widget_type=\"image.default\">\n\t\t\t\t<div class=\"elementor-widget-container\">\n\t\t\t\t\t\t\t\t\t\t\t\t\t\t\t<img fetchpriority=\"high\" decoding=\"async\" width=\"484\" height=\"1024\" src=\"https:\/\/carousel.rs\/wp-content\/uploads\/2023\/06\/dots-left-top-484x1024.png\" class=\"attachment-large size-large wp-image-49\" alt=\"\" srcset=\"https:\/\/carousel.rs\/wp-content\/uploads\/2023\/06\/dots-left-top-484x1024.png 484w, https:\/\/carousel.rs\/wp-content\/uploads\/2023\/06\/dots-left-top-142x300.png 142w, https:\/\/carousel.rs\/wp-content\/uploads\/2023\/06\/dots-left-top.png 496w\" sizes=\"(max-width: 484px) 100vw, 484px\" \/>\t\t\t\t\t\t\t\t\t\t\t\t\t\t\t<\/div>\n\t\t\t\t<\/div>\n\t\t\t\t<div class=\"elementor-element elementor-element-0f21d63 elementor-widget elementor-widget-image\" data-id=\"0f21d63\" data-element_type=\"widget\" data-e-type=\"widget\" data-widget_type=\"image.default\">\n\t\t\t\t<div class=\"elementor-widget-container\">\n\t\t\t\t\t\t\t\t\t\t\t\t\t\t\t<img decoding=\"async\" src=\"https:\/\/carousel.rs\/wp-content\/uploads\/elementor\/thumbs\/TIP2-ALU-New-quoizuhmuw0ve9sim2u6b11i0lw6mk6m5n3b2x6ve8.jpg\" title=\"TIP2 ALU New\" alt=\"TIP2 ALU New\" loading=\"lazy\" \/>\t\t\t\t\t\t\t\t\t\t\t\t\t\t\t<\/div>\n\t\t\t\t<\/div>\n\t\t\t\t<div class=\"elementor-element elementor-element-4e10ddb elementor-widget elementor-widget-image\" data-id=\"4e10ddb\" data-element_type=\"widget\" data-e-type=\"widget\" data-widget_type=\"image.default\">\n\t\t\t\t<div class=\"elementor-widget-container\">\n\t\t\t\t\t\t\t\t\t\t\t\t\t\t\t<img decoding=\"async\" src=\"https:\/\/carousel.rs\/wp-content\/uploads\/2025\/10\/Gazeba-Lidl.jpg\" title=\"Gazeba Lidl\" alt=\"Gazeba Lidl\" loading=\"lazy\" \/>\t\t\t\t\t\t\t\t\t\t\t\t\t\t\t<\/div>\n\t\t\t\t<\/div>\n\t\t\t\t<div class=\"elementor-element elementor-element-68d7e11 elementor-widget elementor-widget-image\" data-id=\"68d7e11\" data-element_type=\"widget\" data-e-type=\"widget\" data-widget_type=\"image.default\">\n\t\t\t\t<div class=\"elementor-widget-container\">\n\t\t\t\t\t\t\t\t\t\t\t\t\t\t\t<img decoding=\"async\" src=\"https:\/\/carousel.rs\/wp-content\/uploads\/2025\/10\/Kucice-grupna2.jpg\" title=\"Ku\u0107ice grupna2\" alt=\"Ku\u0107ice grupna2\" loading=\"lazy\" \/>\t\t\t\t\t\t\t\t\t\t\t\t\t\t\t<\/div>\n\t\t\t\t<\/div>\n\t\t\t\t<div class=\"elementor-element elementor-element-28de3be elementor-widget__width-auto elementor-absolute elementor-widget elementor-widget-image\" data-id=\"28de3be\" data-element_type=\"widget\" data-e-type=\"widget\" data-settings=\"{&quot;_position&quot;:&quot;absolute&quot;}\" data-widget_type=\"image.default\">\n\t\t\t\t<div class=\"elementor-widget-container\">\n\t\t\t\t\t\t\t\t\t\t\t\t\t\t\t<img loading=\"lazy\" decoding=\"async\" width=\"162\" height=\"61\" src=\"https:\/\/carousel.rs\/wp-content\/uploads\/2023\/06\/double-zigzag.png\" class=\"attachment-large size-large wp-image-63\" alt=\"\" \/>\t\t\t\t\t\t\t\t\t\t\t\t\t\t\t<\/div>\n\t\t\t\t<\/div>\n\t\t\t\t\t<\/div>\n\t\t<\/div>\n\t\t\t\t<div class=\"elementor-column elementor-col-50 elementor-inner-column elementor-element elementor-element-3cfe262\" data-id=\"3cfe262\" data-element_type=\"column\" data-e-type=\"column\">\n\t\t\t<div class=\"elementor-widget-wrap elementor-element-populated\">\n\t\t\t\t\t\t<div class=\"elementor-element elementor-element-238b753 elementor-widget elementor-widget-heading\" data-id=\"238b753\" data-element_type=\"widget\" data-e-type=\"widget\" data-widget_type=\"heading.default\">\n\t\t\t\t<div class=\"elementor-widget-container\">\n\t\t\t\t\t<h2 class=\"elementor-heading-title elementor-size-default\">VI\u0160E TIPOVA \u0160TANDOVA<\/h2>\t\t\t\t<\/div>\n\t\t\t\t<\/div>\n\t\t\t\t<div class=\"elementor-element elementor-element-9971bb3 elementor-widget elementor-widget-image\" data-id=\"9971bb3\" data-element_type=\"widget\" data-e-type=\"widget\" data-widget_type=\"image.default\">\n\t\t\t\t<div class=\"elementor-widget-container\">\n\t\t\t\t\t\t\t\t\t\t\t\t\t\t\t<img decoding=\"async\" width=\"218\" height=\"19\" src=\"https:\/\/carousel.rs\/wp-content\/uploads\/2023\/06\/underline-wiggle-pink.png\" class=\"attachment-large size-large wp-image-22\" alt=\"\" \/>\t\t\t\t\t\t\t\t\t\t\t\t\t\t\t<\/div>\n\t\t\t\t<\/div>\n\t\t\t\t<div class=\"elementor-element elementor-element-cf55a53 elementor-widget elementor-widget-text-editor\" data-id=\"cf55a53\" data-element_type=\"widget\" data-e-type=\"widget\" data-widget_type=\"text-editor.default\">\n\t\t\t\t<div class=\"elementor-widget-container\">\n\t\t\t\t\t\t\t\t\t<p>2. <strong>TIP 2 \u0160tandovi<\/strong> sa tendama za izlaganje na otvorenim spolja\u0161njim prostorima (2 x 0,8 m)<\/p><p>Dizajnirani na na\u010din da se veselo uklope u spolja\u0161nje prostore trgova i \u0161eta\u010dkih zona. Dimenzije su du\u017eine 2 m, \u0161irine 0,8m sa tendom razli\u010ditih boja koje omogu\u010davavaju dodatak osvetljenja ali i za\u0161titu od ki\u0161e i sunca.\u00a0<\/p><p>Ove \u0161tandove koristimo za organizaciju doga\u0111aja na Trgu republike, Knez Miahilovoj Ulici, Sava promenadi, Piazzeti TC Raji\u0107eva, Skadarliji i sli\u010dim otvorenim prostorima.<\/p><p>\u00a0<\/p><p>\u00a0<\/p><p>\u00a0<\/p><p>\u00a0<\/p>\t\t\t\t\t\t\t\t<\/div>\n\t\t\t\t<\/div>\n\t\t\t\t<div class=\"elementor-element elementor-element-1ad9da7 elementor-widget elementor-widget-heading\" data-id=\"1ad9da7\" data-element_type=\"widget\" data-e-type=\"widget\" data-widget_type=\"heading.default\">\n\t\t\t\t<div class=\"elementor-widget-container\">\n\t\t\t\t\t<h2 class=\"elementor-heading-title elementor-size-default\">gazebe i ku\u0107ice<\/h2>\t\t\t\t<\/div>\n\t\t\t\t<\/div>\n\t\t\t\t<div class=\"elementor-element elementor-element-77e30e9 elementor-widget elementor-widget-image\" data-id=\"77e30e9\" data-element_type=\"widget\" data-e-type=\"widget\" data-widget_type=\"image.default\">\n\t\t\t\t<div class=\"elementor-widget-container\">\n\t\t\t\t\t\t\t\t\t\t\t\t\t\t\t<img decoding=\"async\" width=\"218\" height=\"19\" src=\"https:\/\/carousel.rs\/wp-content\/uploads\/2023\/06\/underline-wiggle-pink.png\" class=\"attachment-large size-large wp-image-22\" alt=\"\" \/>\t\t\t\t\t\t\t\t\t\t\t\t\t\t\t<\/div>\n\t\t\t\t<\/div>\n\t\t\t\t<div class=\"elementor-element elementor-element-10aeae1 elementor-widget elementor-widget-text-editor\" data-id=\"10aeae1\" data-element_type=\"widget\" data-e-type=\"widget\" data-widget_type=\"text-editor.default\">\n\t\t\t\t<div class=\"elementor-widget-container\">\n\t\t\t\t\t\t\t\t\t<p>3. <strong>TIP 3 \u0160tandovi<\/strong> &#8211; Gazebe natkrivene (3 x 3 m)<\/p><p>Dizajnirane na na\u010din da se lako uklope u unutra\u0161nje i spolja\u0161nje prostore, sa mogu\u0107no\u0161\u0107u postavke sopstvenog brendinga na tri strane. Dimenzija su u osnovi 3x3m, visine 3 m, natkrivene tendom od vodootpornog materijala.<\/p><p>Koristili smo ih organizaciju festivala na Trgu Republike, Knez Mihailvoj ulici, Terazijama, Ni\u0161Week i sli\u010dnim otvorenim lokacijama.<\/p><p>4. <strong>TIP 4 Drvene ku\u0107ice<\/strong> (3 x 2 m)<\/p><p>Imamo dve vrste manifestacijskih drvenih ku\u0107ica koje su dizajnirane za postavku na du\u017ei period (logistika postavke je prili\u010dno zahtevna). Deo su na\u0161e ve\u0107 tradicionalne organizacije Novogodi\u0161njih marketa koje organizujemo na platou ispred TC Raji\u0107eva. Obe ku\u0107ice su dimenzija u osnovi 3x2m.\u00a0<\/p><p>\u00a0<\/p>\t\t\t\t\t\t\t\t<\/div>\n\t\t\t\t<\/div>\n\t\t\t\t\t<\/div>\n\t\t<\/div>\n\t\t\t\t\t<\/div>\n\t\t<\/section>\n\t\t\t\t\t<\/div>\n\t\t<\/div>\n\t\t\t\t\t<\/div>\n\t\t<\/section>\n\t\t\t\t<section class=\"elementor-section elementor-top-section elementor-element elementor-element-bccecc6 elementor-section-boxed elementor-section-height-default elementor-section-height-default\" data-id=\"bccecc6\" data-element_type=\"section\" data-e-type=\"section\">\n\t\t\t\t\t\t<div class=\"elementor-container elementor-column-gap-default\">\n\t\t\t\t\t<div class=\"elementor-column elementor-col-100 elementor-top-column elementor-element elementor-element-8ad727e\" data-id=\"8ad727e\" data-element_type=\"column\" data-e-type=\"column\">\n\t\t\t<div class=\"elementor-widget-wrap\">\n\t\t\t\t\t\t\t<\/div>\n\t\t<\/div>\n\t\t\t\t\t<\/div>\n\t\t<\/section>\n\t\t\t\t<section class=\"elementor-section elementor-top-section elementor-element elementor-element-a0b3de2 elementor-section-boxed elementor-section-height-default elementor-section-height-default\" data-id=\"a0b3de2\" data-element_type=\"section\" data-e-type=\"section\">\n\t\t\t\t\t\t<div class=\"elementor-container elementor-column-gap-default\">\n\t\t\t\t\t<div class=\"elementor-column elementor-col-100 elementor-top-column elementor-element elementor-element-c70dc5d\" data-id=\"c70dc5d\" data-element_type=\"column\" data-e-type=\"column\">\n\t\t\t<div class=\"elementor-widget-wrap elementor-element-populated\">\n\t\t\t\t\t\t<div class=\"elementor-element elementor-element-4f332e2 elementor-widget elementor-widget-video\" data-id=\"4f332e2\" data-element_type=\"widget\" data-e-type=\"widget\" data-settings=\"{&quot;youtube_url&quot;:&quot;https:\\\/\\\/www.youtube.com\\\/watch?v=NDyqaPc_U3g&quot;,&quot;autoplay&quot;:&quot;yes&quot;,&quot;mute&quot;:&quot;yes&quot;,&quot;video_type&quot;:&quot;youtube&quot;,&quot;controls&quot;:&quot;yes&quot;}\" data-widget_type=\"video.default\">\n\t\t\t\t<div class=\"elementor-widget-container\">\n\t\t\t\t\t\t\t<div class=\"elementor-wrapper elementor-open-inline\">\n\t\t\t<div class=\"elementor-video\"><\/div>\t\t<\/div>\n\t\t\t\t\t\t<\/div>\n\t\t\t\t<\/div>\n\t\t\t\t\t<\/div>\n\t\t<\/div>\n\t\t\t\t\t<\/div>\n\t\t<\/section>\n\t\t\t\t<\/div>\n\t\t","protected":false},"excerpt":{"rendered":"<p>Iznajmljivanje \u0161tandova i ku\u0107ica preuzmi katalog preuzmi cenovnik RENTIRANJE i proizvodnja festivalskog mobilijara Posedujemo sopstveni festivalski mobilijar: 1. TIP 1 \u0160TANDOVI\u00a0za izlaganje u unutra\u0161njem prostoru (1,5 x 0,7 m) Moderno dizajnirani na na\u010din da se elegantno uklapaju u unutra\u0161nje prostore tr\u017enih centara. Dimenzije su du\u017eine 1,5 m, \u0161irine 0,7m sa ramom koji omogu\u010dava dodatak osvetljenja.\u00a0Ove [&hellip;]<\/p>\n","protected":false},"author":4,"featured_media":534,"parent":0,"menu_order":0,"comment_status":"closed","ping_status":"closed","template":"elementor_header_footer","meta":{"footnotes":""},"class_list":["post-442","page","type-page","status-publish","has-post-thumbnail","hentry"],"_links":{"self":[{"href":"https:\/\/carousel.rs\/index.php?rest_route=\/wp\/v2\/pages\/442","targetHints":{"allow":["GET"]}}],"collection":[{"href":"https:\/\/carousel.rs\/index.php?rest_route=\/wp\/v2\/pages"}],"about":[{"href":"https:\/\/carousel.rs\/index.php?rest_route=\/wp\/v2\/types\/page"}],"author":[{"embeddable":true,"href":"https:\/\/carousel.rs\/index.php?rest_route=\/wp\/v2\/users\/4"}],"replies":[{"embeddable":true,"href":"https:\/\/carousel.rs\/index.php?rest_route=%2Fwp%2Fv2%2Fcomments&post=442"}],"version-history":[{"count":107,"href":"https:\/\/carousel.rs\/index.php?rest_route=\/wp\/v2\/pages\/442\/revisions"}],"predecessor-version":[{"id":2348,"href":"https:\/\/carousel.rs\/index.php?rest_route=\/wp\/v2\/pages\/442\/revisions\/2348"}],"wp:featuredmedia":[{"embeddable":true,"href":"https:\/\/carousel.rs\/index.php?rest_route=\/wp\/v2\/media\/534"}],"wp:attachment":[{"href":"https:\/\/carousel.rs\/index.php?rest_route=%2Fwp%2Fv2%2Fmedia&parent=442"}],"curies":[{"name":"wp","href":"https:\/\/api.w.org\/{rel}","templated":true}]}}